{"id":5186,"date":"2025-09-15T12:21:36","date_gmt":"2025-09-15T19:21:36","guid":{"rendered":"https:\/\/conference.aglow.org\/inscricao-para-a-conferencia-de-2025-gratuita\/"},"modified":"2025-09-15T12:21:36","modified_gmt":"2025-09-15T19:21:36","slug":"inscricao-para-a-conferencia-de-2025-gratuita","status":"publish","type":"page","link":"https:\/\/conference.aglow.org\/pt-br\/inscricao-para-a-conferencia-de-2025-gratuita\/","title":{"rendered":"INSCRI\u00c7\u00c3O PARA A CONFER\u00caNCIA DE 2025 &#8211; GRATUITA"},"content":{"rendered":"","protected":false},"excerpt":{"rendered":"","protected":false},"author":1,"featured_media":0,"parent":0,"menu_order":0,"comment_status":"closed","ping_status":"closed","template":"","meta":{"om_disable_all_campaigns":false,"_monsterinsights_skip_tracking":false,"_monsterinsights_sitenote_active":false,"_monsterinsights_sitenote_note":"","_monsterinsights_sitenote_category":0,"_uf_show_specific_survey":0,"_uf_disable_surveys":false,"footnotes":""},"class_list":["post-5186","page","type-page","status-publish","hentry"],"aioseo_notices":[],"_links":{"self":[{"href":"https:\/\/conference.aglow.org\/pt-br\/wp-json\/wp\/v2\/pages\/5186","targetHints":{"allow":["GET"]}}],"collection":[{"href":"https:\/\/conference.aglow.org\/pt-br\/wp-json\/wp\/v2\/pages"}],"about":[{"href":"https:\/\/conference.aglow.org\/pt-br\/wp-json\/wp\/v2\/types\/page"}],"author":[{"embeddable":true,"href":"https:\/\/conference.aglow.org\/pt-br\/wp-json\/wp\/v2\/users\/1"}],"replies":[{"embeddable":true,"href":"https:\/\/conference.aglow.org\/pt-br\/wp-json\/wp\/v2\/comments?post=5186"}],"version-history":[{"count":0,"href":"https:\/\/conference.aglow.org\/pt-br\/wp-json\/wp\/v2\/pages\/5186\/revisions"}],"wp:attachment":[{"href":"https:\/\/conference.aglow.org\/pt-br\/wp-json\/wp\/v2\/media?parent=5186"}],"curies":[{"name":"wp","href":"https:\/\/api.w.org\/{rel}","templated":true}]}}