{"id":4613,"date":"2025-07-09T12:56:32","date_gmt":"2025-07-09T19:56:32","guid":{"rendered":"https:\/\/conference.aglow.org\/agendar\/"},"modified":"2025-08-15T14:57:08","modified_gmt":"2025-08-15T21:57:08","slug":"agendar","status":"publish","type":"page","link":"https:\/\/conference.aglow.org\/pt-br\/agendar\/","title":{"rendered":"AGENDAR"},"content":{"rendered":"\n<h1  data-animation-delay=\"0.0\" data-animation-duration=\"1\">\n\t\t\t\t<\/h1>\n\t\n<div role=\"navigation\" aria-label=\"Seletor de idioma\" class=\"wpml-ls-statics-shortcode_actions wpml-ls wpml-ls-legacy-list-horizontal\">\n\t<ul><li class=\"wpml-ls-slot-shortcode_actions wpml-ls-item wpml-ls-item-en wpml-ls-first-item wpml-ls-item-legacy-list-horizontal\">\n\t\t\t\t<a href=\"https:\/\/conference.aglow.org\/\" hreflang=\"en\" lang=\"en\" class=\"wpml-ls-link\" aria-label=\"Mudar para English\" title=\"Mudar para English\">\n\t\t\t\t\t                                    <img decoding=\"async\"\n            class=\"wpml-ls-flag\"\n            src=\"https:\/\/conference.aglow.org\/wp-content\/plugins\/sitepress-multilingual-cms\/res\/flags\/en.svg\"\n            alt=\"\"\n            loading=\"lazy\"\n            width=18\n            height=12\n    \/><span class=\"wpml-ls-native\">English<\/span><\/a>\n\t\t\t<\/li><li class=\"wpml-ls-slot-shortcode_actions wpml-ls-item wpml-ls-item-es wpml-ls-item-legacy-list-horizontal\">\n\t\t\t\t<a href=\"https:\/\/conference.aglow.org\/es\/\" hreflang=\"es\" lang=\"es\" class=\"wpml-ls-link\" aria-label=\"Mudar para Espa\u00f1ol\" title=\"Mudar para Espa\u00f1ol\">\n\t\t\t\t\t                                    <img decoding=\"async\"\n            class=\"wpml-ls-flag\"\n            src=\"https:\/\/conference.aglow.org\/wp-content\/plugins\/sitepress-multilingual-cms\/res\/flags\/es.svg\"\n            alt=\"\"\n            loading=\"lazy\"\n            width=18\n            height=12\n    \/><span class=\"wpml-ls-native\">Espa\u00f1ol<\/span><\/a>\n\t\t\t<\/li><li class=\"wpml-ls-slot-shortcode_actions wpml-ls-item wpml-ls-item-fr wpml-ls-item-legacy-list-horizontal\">\n\t\t\t\t<a href=\"https:\/\/conference.aglow.org\/fr\/\" hreflang=\"fr\" lang=\"fr\" class=\"wpml-ls-link\" aria-label=\"Mudar para Fran\u00e7ais\" title=\"Mudar para Fran\u00e7ais\">\n\t\t\t\t\t                                    <img decoding=\"async\"\n            class=\"wpml-ls-flag\"\n            src=\"https:\/\/conference.aglow.org\/wp-content\/plugins\/sitepress-multilingual-cms\/res\/flags\/fr.svg\"\n            alt=\"\"\n            loading=\"lazy\"\n            width=18\n            height=12\n    \/><span class=\"wpml-ls-native\">Fran\u00e7ais<\/span><\/a>\n\t\t\t<\/li><li class=\"wpml-ls-slot-shortcode_actions wpml-ls-item wpml-ls-item-pt-br wpml-ls-current-language wpml-ls-last-item wpml-ls-item-legacy-list-horizontal\">\n\t\t\t\t<a href=\"https:\/\/conference.aglow.org\/pt-br\/\" hreflang=\"pt-br\" lang=\"pt-br\" class=\"wpml-ls-link\" aria-current=\"page\" aria-label=\"Mudar para Portugu\u00eas\" title=\"Mudar para Portugu\u00eas\">\n\t\t\t\t\t                                    <img decoding=\"async\"\n            class=\"wpml-ls-flag\"\n            src=\"https:\/\/conference.aglow.org\/wp-content\/plugins\/sitepress-multilingual-cms\/res\/flags\/pt-br.svg\"\n            alt=\"\"\n            loading=\"lazy\"\n            width=18\n            height=12\n    \/><span class=\"wpml-ls-native\">Portugu\u00eas<\/span><\/a>\n\t\t\t<\/li><\/ul>\n<\/div>\n\n\t<p>As sess\u00f5es come\u00e7ar\u00e3o nos hor\u00e1rios listados abaixo. Haver\u00e1 tr\u00eas sess\u00f5es no total nesta confer\u00eancia virtual &#8211; uma na sexta-feira e duas no s\u00e1bado. <strong>Observe que todas as sess\u00f5es ser\u00e3o transmitidas no hor\u00e1rio do Pac\u00edfico.<\/strong> Se voc\u00ea estiver assistindo de outro fuso hor\u00e1rio, ajuste os hor\u00e1rios de acordo com sua localiza\u00e7\u00e3o. Cada sess\u00e3o estar\u00e1 dispon\u00edvel para reprodu\u00e7\u00e3o imediatamente ap\u00f3s a transmiss\u00e3o inicial.<\/p>\n\t<p>A programa\u00e7\u00e3o ser\u00e1 atualizada assim que os detalhes forem finalizados. Hor\u00e1rios espec\u00edficos est\u00e3o sujeitos a altera\u00e7\u00f5es. Verifique novamente para atualiza\u00e7\u00f5es.<\/p>\n\t\n<table id=\"tablepress-6\" class=\"tablepress tablepress-id-6 tbody-has-connected-cells\">\n<tbody class=\"row-striping\">\n<tr class=\"row-1\">\n\t<td colspan=\"2\" class=\"column-1\">Sexta-feira, 19 de Setembro<\/td>\n<\/tr>\n<tr class=\"row-2\">\n\t<td class=\"column-1\"><strong>15h30<\/strong><\/td><td class=\"column-2\">Batalha de Ora\u00e7\u00e3o <a href=\"https:\/\/conference.aglow.org\/pt-br\/agendar\/\">Chamada pelo Zoom<\/a><\/td>\n<\/tr>\n<tr class=\"row-3\">\n\t<td class=\"column-1\"><strong>16h <\/strong><\/td><td class=\"column-2\"><strong>Sess\u00e3o I<\/strong> \u2014 Sauda\u00e7\u00e3o e Ora\u00e7\u00e3o<\/td>\n<\/tr>\n<tr class=\"row-4\">\n\t<td class=\"column-1\"><strong>16h15<\/strong><\/td><td class=\"column-2\">Adora\u00e7\u00e3o \u2014 Sarah Johnson, Reino Unido<\/td>\n<\/tr>\n<tr class=\"row-5\">\n\t<td class=\"column-1\"><strong>17h15<\/strong><\/td><td class=\"column-2\">Palestrante: Nancy McDaniel, Presidente\/CEO da Aglow<\/td>\n<\/tr>\n<tr class=\"row-6\">\n\t<td class=\"column-1\"><strong>18h15<\/strong><\/td><td class=\"column-2\">Encerramento da Sess\u00e3o<\/td>\n<\/tr>\n<tr class=\"row-7\">\n\t<td colspan=\"2\" class=\"column-1\">S\u00e1bado, 20 de Setembro<\/td>\n<\/tr>\n<tr class=\"row-8\">\n\t<td class=\"column-1\"><strong>8h30<\/strong><\/td><td class=\"column-2\">Batalha de Ora\u00e7\u00e3o <a href=\"https:\/\/conference.aglow.org\/pt-br\/agendar\/\">Chamada pelo Zoom<\/a><\/td>\n<\/tr>\n<tr class=\"row-9\">\n\t<td class=\"column-1\"><strong>9h<\/strong><\/td><td class=\"column-2\"><strong>Sess\u00e3o II<\/strong> \u2014 Sauda\u00e7\u00e3o e Ora\u00e7\u00e3o<\/td>\n<\/tr>\n<tr class=\"row-10\">\n\t<td class=\"column-1\"><strong>9h15<\/strong><\/td><td class=\"column-2\">Adora\u00e7\u00e3o \u2014 Sarah Johnson, Reino Unido<\/td>\n<\/tr>\n<tr class=\"row-11\">\n\t<td class=\"column-1\"><strong>10h15<\/strong><\/td><td class=\"column-2\">Palestrante: Graham Cooke<\/td>\n<\/tr>\n<tr class=\"row-12\">\n\t<td class=\"column-1\"><strong>11h15<\/strong><\/td><td class=\"column-2\">Encerramento da Sess\u00e3o<\/td>\n<\/tr>\n<tr class=\"row-13\">\n\t<td class=\"column-1\"><strong>12h30<\/strong><\/td><td class=\"column-2\">Batalha de Ora\u00e7\u00e3o <a href=\"https:\/\/conference.aglow.org\/pt-br\/agendar\/\">Chamada pelo Zoom<\/a><\/td>\n<\/tr>\n<tr class=\"row-14\">\n\t<td class=\"column-1\"><strong>13h<\/strong><\/td><td class=\"column-2\"><strong>Sess\u00e3o III<\/strong> \u2014 Sauda\u00e7\u00e3o e Ora\u00e7\u00e3o<\/td>\n<\/tr>\n<tr class=\"row-15\">\n\t<td class=\"column-1\"><strong>13h15<\/strong><\/td><td class=\"column-2\">Adora\u00e7\u00e3o \u2014 Sarah Johnson, Reino Unido<\/td>\n<\/tr>\n<tr class=\"row-16\">\n\t<td class=\"column-1\"><strong>14h15<\/strong><\/td><td class=\"column-2\">Palestrante: Jen Tringale<\/td>\n<\/tr>\n<tr class=\"row-17\">\n\t<td class=\"column-1\"><strong>15h15<\/strong><\/td><td class=\"column-2\">Resumo da confer\u00eancia com Nancy e Dave McDaniel<\/td>\n<\/tr>\n<\/tbody>\n<\/table>\n\n\n","protected":false},"excerpt":{"rendered":"<p>As sess\u00f5es come\u00e7ar\u00e3o nos hor\u00e1rios listados abaixo. Haver\u00e1 tr\u00eas sess\u00f5es no total nesta confer\u00eancia virtual &#8211; uma na sexta-feira e duas no s\u00e1bado. Observe que todas as sess\u00f5es ser\u00e3o transmitidas no hor\u00e1rio do Pac\u00edfico. Se voc\u00ea estiver assistindo de outro fuso hor\u00e1rio, ajuste os hor\u00e1rios de acordo com sua localiza\u00e7\u00e3o. Cada sess\u00e3o estar\u00e1 dispon\u00edvel para&hellip;<\/p>\n","protected":false},"author":1,"featured_media":0,"parent":0,"menu_order":0,"comment_status":"closed","ping_status":"closed","template":"","meta":{"om_disable_all_campaigns":false,"_monsterinsights_skip_tracking":false,"_monsterinsights_sitenote_active":false,"_monsterinsights_sitenote_note":"","_monsterinsights_sitenote_category":0,"_uf_show_specific_survey":0,"_uf_disable_surveys":false,"footnotes":""},"class_list":["post-4613","page","type-page","status-publish","hentry"],"_links":{"self":[{"href":"https:\/\/conference.aglow.org\/pt-br\/wp-json\/wp\/v2\/pages\/4613","targetHints":{"allow":["GET"]}}],"collection":[{"href":"https:\/\/conference.aglow.org\/pt-br\/wp-json\/wp\/v2\/pages"}],"about":[{"href":"https:\/\/conference.aglow.org\/pt-br\/wp-json\/wp\/v2\/types\/page"}],"author":[{"embeddable":true,"href":"https:\/\/conference.aglow.org\/pt-br\/wp-json\/wp\/v2\/users\/1"}],"replies":[{"embeddable":true,"href":"https:\/\/conference.aglow.org\/pt-br\/wp-json\/wp\/v2\/comments?post=4613"}],"version-history":[{"count":0,"href":"https:\/\/conference.aglow.org\/pt-br\/wp-json\/wp\/v2\/pages\/4613\/revisions"}],"wp:attachment":[{"href":"https:\/\/conference.aglow.org\/pt-br\/wp-json\/wp\/v2\/media?parent=4613"}],"curies":[{"name":"wp","href":"https:\/\/api.w.org\/{rel}","templated":true}]}}