{"id":2067,"date":"2021-09-14T19:30:33","date_gmt":"2021-09-15T02:30:33","guid":{"rendered":"https:\/\/conference.aglow.org\/magasin-aglow\/"},"modified":"2023-09-02T07:20:38","modified_gmt":"2023-09-02T14:20:38","slug":"magasin-aglow","status":"publish","type":"page","link":"https:\/\/conference.aglow.org\/fr\/magasin-aglow\/","title":{"rendered":"MAGASIN AGLOW"},"content":{"rendered":"\n<h1>\n\t\tCONTACTEZ-NOUS\n\t<\/h1>\n\t\n<div role=\"navigation\" aria-label=\"S\u00e9lecteur de langue\" class=\"wpml-ls-statics-shortcode_actions wpml-ls wpml-ls-legacy-list-horizontal\">\n\t<ul><li class=\"wpml-ls-slot-shortcode_actions wpml-ls-item wpml-ls-item-en wpml-ls-first-item wpml-ls-item-legacy-list-horizontal\">\n\t\t\t\t<a href=\"https:\/\/conference.aglow.org\/\" hreflang=\"en\" lang=\"en\" class=\"wpml-ls-link\" aria-label=\"Passer \u00e0 English\" title=\"Passer \u00e0 English\">\n\t\t\t\t\t                                    <img decoding=\"async\"\n            class=\"wpml-ls-flag\"\n            src=\"https:\/\/conference.aglow.org\/wp-content\/plugins\/sitepress-multilingual-cms\/res\/flags\/en.svg\"\n            alt=\"\"\n            loading=\"lazy\"\n            width=18\n            height=12\n    \/><span class=\"wpml-ls-native\">English<\/span><\/a>\n\t\t\t<\/li><li class=\"wpml-ls-slot-shortcode_actions wpml-ls-item wpml-ls-item-es wpml-ls-item-legacy-list-horizontal\">\n\t\t\t\t<a href=\"https:\/\/conference.aglow.org\/es\/\" hreflang=\"es\" lang=\"es\" class=\"wpml-ls-link\" aria-label=\"Passer \u00e0 Espa\u00f1ol\" title=\"Passer \u00e0 Espa\u00f1ol\">\n\t\t\t\t\t                                    <img decoding=\"async\"\n            class=\"wpml-ls-flag\"\n            src=\"https:\/\/conference.aglow.org\/wp-content\/plugins\/sitepress-multilingual-cms\/res\/flags\/es.svg\"\n            alt=\"\"\n            loading=\"lazy\"\n            width=18\n            height=12\n    \/><span class=\"wpml-ls-native\">Espa\u00f1ol<\/span><\/a>\n\t\t\t<\/li><li class=\"wpml-ls-slot-shortcode_actions wpml-ls-item wpml-ls-item-fr wpml-ls-current-language wpml-ls-item-legacy-list-horizontal\">\n\t\t\t\t<a href=\"https:\/\/conference.aglow.org\/fr\/\" hreflang=\"fr\" lang=\"fr\" class=\"wpml-ls-link\" aria-current=\"page\" aria-label=\"Passer \u00e0 Fran\u00e7ais\" title=\"Passer \u00e0 Fran\u00e7ais\">\n\t\t\t\t\t                                    <img decoding=\"async\"\n            class=\"wpml-ls-flag\"\n            src=\"https:\/\/conference.aglow.org\/wp-content\/plugins\/sitepress-multilingual-cms\/res\/flags\/fr.svg\"\n            alt=\"\"\n            loading=\"lazy\"\n            width=18\n            height=12\n    \/><span class=\"wpml-ls-native\">Fran\u00e7ais<\/span><\/a>\n\t\t\t<\/li><li class=\"wpml-ls-slot-shortcode_actions wpml-ls-item wpml-ls-item-pt-br wpml-ls-last-item wpml-ls-item-legacy-list-horizontal\">\n\t\t\t\t<a href=\"https:\/\/conference.aglow.org\/pt-br\/\" hreflang=\"pt-br\" lang=\"pt-br\" class=\"wpml-ls-link\" aria-label=\"Passer \u00e0 Portugu\u00eas\" title=\"Passer \u00e0 Portugu\u00eas\">\n\t\t\t\t\t                                    <img decoding=\"async\"\n            class=\"wpml-ls-flag\"\n            src=\"https:\/\/conference.aglow.org\/wp-content\/plugins\/sitepress-multilingual-cms\/res\/flags\/pt-br.svg\"\n            alt=\"\"\n            loading=\"lazy\"\n            width=18\n            height=12\n    \/><span class=\"wpml-ls-native\">Portugu\u00eas<\/span><\/a>\n\t\t\t<\/li><\/ul>\n<\/div>\n\n<h2>\n\t\tVisitez la boutique Aglow pendant la conf\u00e9rence\n\t<\/h2>\n\t<p>Passez \u00e0 la boutique Aglow lors de la conf\u00e9rence pour acheter ces articles jusqu&#8217;\u00e0 \u00e9puisement des stocks. Nous ferons de notre mieux pour tenir cette page \u00e0 jour afin que vous sachiez ce qui est disponible. D\u00e9sol\u00e9, la plupart de ces produits ne sont pas disponibles \u00e0 l&#8217;achat en ligne.<\/p>\n<p><strong>Articles actuellement en stock :<\/strong><\/p>\n<h2>\n\t\tL&#8217;ascension vers la gloire\n\t<\/h2>\n\t\t\t\t<img loading=\"lazy\" decoding=\"async\" src=\"https:\/\/conference.aglow.org\/wp-content\/uploads\/2023\/08\/2023-Conference-T-Shirt.jpg\" alt=\"2023 Glory Rising T-shirt\" itemprop=\"image\" height=\"822\" width=\"756\" title=\"2023-Conference-T-Shirt\" onerror=\"this.style.display='none'\"  \/>\n\t<b>T-Shirt Glory Rising<br \/>\n(S, M, L, XL, 2LX, 3LX)<br \/>\n<\/b>Procurez-vous votre T-shirt officiel Glory Rising. <strong> 18 $ chacun<\/strong>. <strong><br \/>\n<\/strong>\n\t\t\t\t<img loading=\"lazy\" decoding=\"async\" src=\"https:\/\/conference.aglow.org\/wp-content\/uploads\/2023\/08\/Conference-Bag-2023-.jpg\" alt=\"Glory Rising Tote Bag\" itemprop=\"image\" height=\"1732\" width=\"1364\" title=\"Conference-Bag-2023\" onerror=\"this.style.display='none'\"  \/>\n\t<p><b>Sac fourre-tout Glory Rising &#8211; <\/b>Ce sac fourre-tout est fait pour durer gr\u00e2ce \u00e0 son tissu en toile \u00e9paisse et \u00e0 ses sangles de transport de 26 pouces qui sont larges et \u00e9paisses pour supporter une lourde charge. <strong> 20 $ l&#8217;unit\u00e9<\/strong><\/p>\n\t\t\t\t<img loading=\"lazy\" decoding=\"async\" src=\"https:\/\/conference.aglow.org\/wp-content\/uploads\/2023\/08\/glory-rising-PENb.gif\" alt=\"Glory Rising Pen\" itemprop=\"image\" height=\"900\" width=\"900\" title=\"glory-rising-PENb\" onerror=\"this.style.display='none'\"  \/>\n\t<p><b>Stylo Stylus Glory Rising &#8211; <\/b>Obtenez ce <b>stylo <\/b>\u00e9l\u00e9gant et doux avec une prise en main en forme de diamant sans le co\u00fbt du luxe. Ce stylo comporte des accents chrom\u00e9s et un stylet pour les \u00e9crans tactiles.  <strong>2 $ chacun<\/strong><\/p>\n\t\t\t\t<img loading=\"lazy\" decoding=\"async\" src=\"https:\/\/conference.aglow.org\/wp-content\/uploads\/2023\/08\/glory-rising-notebook.png\" alt=\"Glory Rising Notebook\" itemprop=\"image\" height=\"300\" width=\"272\" title=\"glory-rising-notebook\" onerror=\"this.style.display='none'\"  \/>\n\t<p><b>Cahier Glory Rising &#8211; <\/b>N&#8217;oubliez pas de vous procurer notre cahier Glory Rising. Il est parfait pour prendre des notes pendant la conf\u00e9rence.  <strong>5,00 $ chacun<\/strong><\/p>\n<h2>\n\t\tProduits Aglow\n\t<\/h2>\n\t\t\t\t<img loading=\"lazy\" decoding=\"async\" src=\"https:\/\/conference.aglow.org\/wp-content\/uploads\/2023\/08\/Conference-Hat-2023.jpg\" alt=\"Aglow Hat\" itemprop=\"image\" height=\"800\" width=\"800\" title=\"Conference-Hat-2023\" onerror=\"this.style.display='none'\"  \/>\n\t<b>Casquette de baseball Aglow &#8211; <\/b>Cette <b>casquette <\/b>confortable en serg\u00e9 de coton est orn\u00e9e d&#8217;un \u00e9cusson &#8220;Aglow&#8221; en cuir v\u00e9ritable de couleur caramel et d&#8217;une fermeture \u00e0 bouton-pression r\u00e9glable \u00e0 l&#8217;arri\u00e8re en maille de polyester. Taille unique.<strong>15 $ chacun<br \/>\n<\/strong>\n\t\t\t\t<img loading=\"lazy\" decoding=\"async\" src=\"https:\/\/conference.aglow.org\/wp-content\/uploads\/2023\/08\/Conference-Mug-2023.jpg\" alt=\"Aglow Coffee Mug\" itemprop=\"image\" height=\"800\" width=\"800\" title=\"Conference-Mug-2023\" onerror=\"this.style.display='none'\"  \/>\n\t<p><b>Tasse \u00e0 caf\u00e9 Aglow &#8211; <\/b>Apportez une touche de personnalit\u00e9 avec ces <b>tasses <\/b>\u00e0 caf\u00e9 Aglow 14 oz. tasses grises. Chaque tasse pr\u00e9sente un design unique, r\u00e9alis\u00e9 \u00e0 la main, avec une finition brillante. C&#8217;est un excellent cadeau pour vos proches ou pour vous faire plaisir avec une nouvelle tasse.  <strong>12 $ chacun<\/strong><\/p>\n\t\t\t\t<img loading=\"lazy\" decoding=\"async\" src=\"https:\/\/conference.aglow.org\/wp-content\/uploads\/2023\/08\/ConfStoreLanyard2023.png\" alt=\"Conference Lanyard\" itemprop=\"image\" height=\"1000\" width=\"1000\" title=\"ConfStoreLanyard2023\" onerror=\"this.style.display='none'\"  \/>\n\t<p><strong>Lanyards et porte-badges &#8211; <\/strong>Aglow International Lanyard avec porte-badge. Vous pouvez enfin vous promener dans la conf\u00e9rence avec votre nom affich\u00e9. Imprimez votre nom sur l&#8217;encart pr\u00e9vu \u00e0 cet effet dans le badge.  <strong>4,00 $ chacun<\/strong><\/p>\n\t\t\t\t<img loading=\"lazy\" decoding=\"async\" src=\"https:\/\/conference.aglow.org\/wp-content\/uploads\/2023\/08\/aglow_decal_1.jpg\" alt=\"Aglow Decal\" itemprop=\"image\" height=\"1024\" width=\"1024\" title=\"aglow_decal_1\" onerror=\"this.style.display='none'\"  \/>\n\t<strong>Autocollant pour voiture Aglow &#8211; <\/strong>L&#8217;autocollant color\u00e9 du logo Aglow adh\u00e8re \u00e0 presque toutes les surfaces. Il ne laisse pas de r\u00e9sidus lorsqu&#8217;il est retir\u00e9. Finition brillante et imperm\u00e9able, id\u00e9ale pour une utilisation int\u00e9rieure ou ext\u00e9rieure. Taille : 5&#8243; x 4&#8243;.<strong>  1,00 $ chacun<br \/>\n<\/strong>\n\t\t\t\t<img loading=\"lazy\" decoding=\"async\" src=\"https:\/\/conference.aglow.org\/wp-content\/uploads\/2021\/09\/luggage-tags.jpg\" alt=\"luggage-tags\" itemprop=\"image\" height=\"1024\" width=\"1024\" title=\"luggage-tags\" onerror=\"this.style.display='none'\"  \/>\n\t<p><strong>\u00c9tiquettes de bagages Aglow &#8211; <\/strong>Trouvez rapidement vos bagages gr\u00e2ce \u00e0 ces \u00e9tiquettes amusantes et color\u00e9es. Fabriqu\u00e9 en plastique translucide souple et durable, avec une insertion pour votre carte d&#8217;identit\u00e9 (incluse). Quatre couleurs au choix.  <strong>5 $ chacun<\/strong><\/p>\n\t\t\t\t<img loading=\"lazy\" decoding=\"async\" src=\"https:\/\/conference.aglow.org\/wp-content\/uploads\/2023\/08\/lantern-pen3.png\" alt=\"Lantern Pen\" itemprop=\"image\" height=\"900\" width=\"900\" title=\"lantern-pen3\" onerror=\"this.style.display='none'\"  \/>\n\t<p><strong>Stylo-lanterne<\/strong> &#8211; Ce stylo illuminera votre vie gr\u00e2ce \u00e0 sa lampe de poche int\u00e9gr\u00e9e et au rappel du slogan original d&#8217;Aglow imprim\u00e9 sur le c\u00f4t\u00e9. <strong> 1,50 $ chacun<\/strong><\/p>\n<h2>\n\t\tLivres\n\t<\/h2>\n\t\t\t\t<img loading=\"lazy\" decoding=\"async\" src=\"https:\/\/conference.aglow.org\/wp-content\/uploads\/2023\/08\/Essentials-Cover2.gif\" alt=\"Essentials of the Faith\" itemprop=\"image\" height=\"900\" width=\"900\" title=\"Essentials-Cover2\" onerror=\"this.style.display='none'\"  \/>\n\t<b>Essentiels de la foi<br \/>\n<\/b>Le\u00e7ons de base sur les fondements de notre foi. <strong> 10 $ l&#8217;unit\u00e9<br \/>\n<\/strong>\n\t\t\t\t<img loading=\"lazy\" decoding=\"async\" src=\"https:\/\/conference.aglow.org\/wp-content\/uploads\/2023\/08\/Beloved-Devotinal-1b.gif\" alt=\"He Calls You the Beloved - Volume 1\" itemprop=\"image\" height=\"900\" width=\"900\" title=\"Beloved-Devotinal-1b\" onerror=\"this.style.display='none'\"  \/>\n\t<b>Il t&#8217;appelle le bien-aim\u00e9 &#8211; Volume 1<br \/>\n<\/b>Pens\u00e9e quotidienne avec des mots de sagesse de Jane Hansen Hoyt. <strong> 10 $<\/strong><b> l&#8217;unit\u00e9<br \/>\n<\/b>\n\t\t\t\t<img loading=\"lazy\" decoding=\"async\" src=\"https:\/\/conference.aglow.org\/wp-content\/uploads\/2023\/08\/Beloved-Devotinal-2b.gif\" alt=\"He Calls You the Beloved - Volume 2\" itemprop=\"image\" height=\"900\" width=\"900\" title=\"Beloved-Devotinal-2b\" onerror=\"this.style.display='none'\"  \/>\n\t<b>Il t&#8217;appelle le bien-aim\u00e9 &#8211; Volume 2<br \/>\n<\/b>Volume 2 de la d\u00e9votion quotidienne de Jane Hansen Hoyt.<br \/>\n<strong>$12<\/strong><b> chacun<br \/>\n<\/b>\n<h2>\n\t\tCartes\n\t<\/h2>\n\t\t\t\t<img loading=\"lazy\" decoding=\"async\" src=\"https:\/\/conference.aglow.org\/wp-content\/uploads\/2021\/09\/god-is-cards.jpg\" alt=\"god-is-cards\" itemprop=\"image\" height=\"1024\" width=\"1024\" title=\"god-is-cards\" onerror=\"this.style.display='none'\"  \/>\n\t<strong>Nouveau ! Dieu est&#8230; Cartes &#8211; <\/strong>Associez-vous \u00e0 la Parole de Dieu et proclamez \u00e0 haute voix ces promesses et dispositions \u00e9ternelles. C&#8217;est ce que Dieu sera pour toi dans toutes les situations !  <strong>10 $ chacun<br \/>\n<\/strong>\n<p><\/p>\n\t\t\t\t<img loading=\"lazy\" decoding=\"async\" src=\"https:\/\/conference.aglow.org\/wp-content\/uploads\/2023\/08\/We-Know-Cards.jpeg\" alt=\"We Know Cards\" itemprop=\"image\" height=\"751\" width=\"1034\" title=\"We-Know-Cards\" onerror=\"this.style.display='none'\"  \/>\n\t<p><strong>Cartes &#8220;Nous savons&#8221;<\/strong> &#8211; Ces cartes rappellent ce que nous savons \u00eatre vrai \u00e0 propos de notre Dieu formidable et de qui il dit que nous sommes. Portez-les sur vous pour vous encourager et partager votre foi.  <strong>10 $ chacun<\/strong><\/p>\n\t\t\t\t<img loading=\"lazy\" decoding=\"async\" src=\"https:\/\/conference.aglow.org\/wp-content\/uploads\/2021\/09\/healing-cards.jpg\" alt=\"healing-cards\" itemprop=\"image\" height=\"1024\" width=\"1024\" title=\"healing-cards\" onerror=\"this.style.display='none'\"  \/>\n\t<strong>Cartes de gu\u00e9rison &#8211; <\/strong>Priez avec confiance en sachant qu&#8217;il a envoy\u00e9 sa Parole et qu&#8217;il vous a gu\u00e9ri ! Paquet de 54 cartes.  <strong>10 $ chacun<br \/>\n<\/strong>\n\t\t\t\t<img loading=\"lazy\" decoding=\"async\" src=\"https:\/\/conference.aglow.org\/wp-content\/uploads\/2021\/09\/grace-cards.jpg\" alt=\"grace-cards\" itemprop=\"image\" height=\"1024\" width=\"1024\" title=\"grace-cards\" onerror=\"this.style.display='none'\"  \/>\n\t<b>Cartes de gr\u00e2ce &#8211; <\/b>Ce jeu de cartes pratique contient 53 d\u00e9clarations pour changer l&#8217;atmosph\u00e8re. <strong> 10 $ chacune<\/strong><b><br \/>\n<\/b>\n\t\t\t\t<img loading=\"lazy\" decoding=\"async\" src=\"https:\/\/conference.aglow.org\/wp-content\/uploads\/2021\/09\/lord-you-said-cards.jpg\" alt=\"lord-you-said-cards\" itemprop=\"image\" height=\"1024\" width=\"1024\" title=\"lord-you-said-cards\" onerror=\"this.style.display='none'\"  \/>\n\t<b>Cartes &#8220;Seigneur, tu as dit&#8221; &#8211; <\/b>Proclamez des v\u00e9rit\u00e9s puissantes pour surmonter des circonstances difficiles ou utilisez-les comme point de d\u00e9part pour la pri\u00e8re. Paquet de 56 cartes.  <strong>10 $ chacun<\/strong><b><br \/>\n<\/b>\n<h2>\n\t\tOutils pour la r\u00e9colte Signets\n\t<\/h2>\n\t\t\t\t<img loading=\"lazy\" decoding=\"async\" src=\"https:\/\/conference.aglow.org\/wp-content\/uploads\/2023\/08\/TFTH-Salvation.jpeg\" alt=\"Tools For the Harvest - Salvation Bookmarks\" itemprop=\"image\" height=\"1024\" width=\"1024\" title=\"TFTH-Salvation\" onerror=\"this.style.display='none'\"  \/>\n\t<p><strong>Outils pour la moisson &#8211; Signets de salut &#8211; <\/strong>Notre carte de salut Outils pour la moisson a \u00e9t\u00e9 con\u00e7ue pour aider les gagneurs d&#8217;\u00e2mes &#8211; comme vous &#8211; \u00e0 conduire quelqu&#8217;un \u00e0 J\u00e9sus en toute confiance. Vous trouverez ici les principales \u00e9critures, ainsi qu&#8217;une pri\u00e8re simple.  <strong>7,00 $ l&#8217;unit\u00e9 Vendu par paquets de 20<\/strong><\/p>\n\t\t\t\t<img loading=\"lazy\" decoding=\"async\" src=\"https:\/\/conference.aglow.org\/wp-content\/uploads\/2023\/08\/TFTH-Holy-Spirit.jpeg\" alt=\"Tools For the Harvest - Baptism in the Holy Spirit Bookmarks\" itemprop=\"image\" height=\"1024\" width=\"1024\" title=\"TFTH-Holy-Spirit\" onerror=\"this.style.display='none'\"  \/>\n\t<p><strong>Outils pour la moisson &#8211; Signets du bapt\u00eame du Saint-Esprit &#8211; <\/strong>Utilisez ce signet pour vous aider \u00e0 mieux comprendre le bapt\u00eame du <strong>Saint-Esprit <\/strong>et \u00e0 l&#8217;expliquer aux autres.<strong> 7,00 $ chacun Vendu par paquet de 20.<\/strong><\/p>\n\t\t\t\t<img loading=\"lazy\" decoding=\"async\" src=\"https:\/\/conference.aglow.org\/wp-content\/uploads\/2023\/08\/TFTH-Healing.jpeg\" alt=\"Tools For the Harvest - Healing Bookmarks\" itemprop=\"image\" height=\"1024\" width=\"1024\" title=\"TFTH-Healing\" onerror=\"this.style.display='none'\"  \/>\n\t<p><strong>Outils pour la moisson &#8211; Signets de gu\u00e9rison &#8211; <\/strong>Gardez cette carte \u00e0 port\u00e9e de main lorsque vous exercez votre minist\u00e8re aupr\u00e8s des autres et que vous r\u00e9clamez la gu\u00e9rison pour vous-m\u00eame. <strong> 7,00 $ chacun Vendu par paquets de 20.<\/strong><\/p>\n<h2>\n\t\tSignets\n\t<\/h2>\n\t\t\t\t<img loading=\"lazy\" decoding=\"async\" src=\"https:\/\/conference.aglow.org\/wp-content\/uploads\/2023\/08\/Bookmark-Vision.png\" alt=\"Vision Bookmarks\" itemprop=\"image\" height=\"1024\" width=\"1024\" title=\"Bookmark-Vision\" onerror=\"this.style.display='none'\"  \/>\n\t<p><strong>Signets de l&#8217;\u00e9nonc\u00e9 de vision &#8211; <\/strong>Gardez ce signet dans votre Bible pour vous rappeler qui nous sommes et ce \u00e0 quoi nous avons \u00e9t\u00e9 appel\u00e9s en tant que minist\u00e8re &#8211; Propulser le Royaume en avant par l&#8217;\u00e9l\u00e9vation de la connaissance de Dieu. <strong> 4,00 $ chacun Vendu par paquet de 20.<\/strong><\/p>\n\t\t\t\t<img loading=\"lazy\" decoding=\"async\" src=\"https:\/\/conference.aglow.org\/wp-content\/uploads\/2023\/08\/Bookmark-We-Know.jpeg\" alt=\"We Know Bookmarks\" itemprop=\"image\" height=\"1024\" width=\"1024\" title=\"Bookmark-We-Know\" onerror=\"this.style.display='none'\"  \/>\n\t<p><strong>Signets Nous savons &#8211; <\/strong>Parfaits compagnons de nos cartes Nous savons, ces signets nous rappellent ce que nous savons \u00eatre vrai au sujet de notre Dieu formidable et de qui il dit que nous sommes. <strong> 5,00 $ chacun Vendu par paquets de 20<\/strong><\/p>\n\t\t\t\t<img loading=\"lazy\" decoding=\"async\" src=\"https:\/\/conference.aglow.org\/wp-content\/uploads\/2021\/09\/god-is-bookmarks.jpg\" alt=\"god-is-bookmarks\" itemprop=\"image\" height=\"1024\" width=\"1024\" title=\"god-is-bookmarks\" onerror=\"this.style.display='none'\"  \/>\n\t<strong>Dieu est&#8230; Signets &#8211; <\/strong>Ce que nous pensons de Dieu est la pens\u00e9e la plus importante que nous ayons jamais eue. Utilisez ce signet pour vous rappeler les attributs \u00e9tonnants de Dieu.  <strong>5 $ l&#8217;unit\u00e9 Vendu par paquets de 20<br \/>\n<\/strong>\n<p>&nbsp;<\/p>\n<h2>\n\t\tBrochures\n\t<\/h2>\n\t\t\t\t<img loading=\"lazy\" decoding=\"async\" src=\"https:\/\/conference.aglow.org\/wp-content\/uploads\/2023\/08\/brochure-a-place-for-you-single.jpg\" alt=\"A Place For You\" itemprop=\"image\" height=\"694\" width=\"300\" title=\"brochure-a-place-for-you-single\" onerror=\"this.style.display='none'\"  \/>\n\t<p><strong>Brochure du minist\u00e8re &#8220;Une place pour vous&#8221; &#8211; <\/strong>Cette brochure color\u00e9e \u00e0 trois panneaux pr\u00e9sente Aglow et invite les nouveaux arrivants \u00e0 se rendre dans un endroit s\u00fbr pour grandir. <strong> 8,00 $ l&#8217;unit\u00e9 Vendue par paquets de 20<\/strong><\/p>\n\t\t\t\t<img loading=\"lazy\" decoding=\"async\" src=\"https:\/\/conference.aglow.org\/wp-content\/uploads\/2023\/08\/brochure-capital-prayer2.jpg\" alt=\"Capital Prayer\" itemprop=\"image\" height=\"694\" width=\"300\" title=\"brochure-capital-prayer2\" onerror=\"this.style.display='none'\"  \/>\n\t<p><strong>Brochure sur la pri\u00e8re pour la capitale &#8211; <\/strong>Cette brochure explique les d\u00e9tails de la strat\u00e9gie de la pri\u00e8re pour la capitale et fournit une liste de nations \u00e0 utiliser pour une pri\u00e8re cibl\u00e9e. <strong> 5,00 $ l&#8217;unit\u00e9 Vendue par paquets de 20<\/strong><\/p>\n\t\t\t\t<img loading=\"lazy\" decoding=\"async\" src=\"https:\/\/conference.aglow.org\/wp-content\/uploads\/2023\/08\/brochure-freedom-from-darkness.jpeg\" alt=\"Freedom from Darkness Brochure\" itemprop=\"image\" height=\"694\" width=\"300\" title=\"brochure-freedom-from-darkness\" onerror=\"this.style.display='none'\"  \/>\n\t<p><strong>Brochure sur la lib\u00e9ration des t\u00e9n\u00e8bres &#8211; <\/strong>Une brochure puissante con\u00e7ue comme un outil pratique pour aider les nouveaux venus dans le Royaume de Dieu. <strong> 12,00 $ Vendu par paquets de 20<\/strong><\/p>\n\t\t\t\t<img loading=\"lazy\" decoding=\"async\" src=\"https:\/\/conference.aglow.org\/wp-content\/uploads\/2023\/08\/brochure-anti-trafficking.jpeg\" alt=\"Anti-\" itemprop=\"image\" height=\"694\" width=\"300\" title=\"brochure-anti-trafficking\" onerror=\"this.style.display='none'\"  \/>\n\t<p><strong>Brochure du guide de pri\u00e8re contre la traite des <\/strong>\u00eatres humains <strong>&#8211; <\/strong>Ce guide de pri\u00e8re vous aidera \u00e0 orienter vos pri\u00e8res afin qu&#8217;elles soient puissantes et efficaces pour faire tomber la forteresse de la traite des \u00eatres humains, une industrie de 150 milliards de dollars dans le monde entier. <strong> 10,00 $ l&#8217;unit\u00e9 Vendu par paquets de 20<\/strong><\/p>\n<h2>\n\t\tPlus de produits Great Aglow\n\t<\/h2>\n\t\t\t\t<img loading=\"lazy\" decoding=\"async\" src=\"https:\/\/conference.aglow.org\/wp-content\/uploads\/2021\/09\/aglow-israel_flag_pin.jpg\" alt=\"aglow-israel_flag_pin\" itemprop=\"image\" height=\"1024\" width=\"1024\" title=\"aglow-israel_flag_pin\" onerror=\"this.style.display='none'\"  \/>\n\t<p><b>Epingle \u00e0 drapeau Aglow\/Isra\u00ebl &#8211; <\/b>Montrez votre engagement \u00e0 rejoindre Aglow dans la pri\u00e8re pour Isra\u00ebl. <strong> 5 $ l&#8217;unit\u00e9<\/strong><\/p>\n<h2>\n\t\tS&#8217;INSCRIRE AU WEBCAST\n\t<\/h2>\n\t<p><strong>Le co\u00fbt de l&#8217;abonnement est de 200 dollars.<\/strong>  Vous pouvez visionner le webcast autant de fois que vous le souhaitez jusqu&#8217;au 31 janvier 2024. Vous pouvez \u00e9galement inviter des amis \u00e0 le visionner avec vous. Il n&#8217;y a pas de limite au nombre de spectateurs, mais une seule personne peut se connecter \u00e0 votre compte \u00e0 la fois.<\/p>\n<p>Votre abonnement au webcast comprend toutes les sessions, y compris les annonces, le culte, les paroles proph\u00e9tiques, la pri\u00e8re et tout ce qui se passe pendant la session. Nous vous encourageons \u00e0 participer comme si vous y \u00e9tiez. L&#8217;Esprit de Dieu n&#8217;est pas limit\u00e9 par le temps, la distance ou la transmission \u00e9lectronique. Attendez-vous \u00e0 \u00eatre b\u00e9nis !<\/p>\n\t\t\t<a href=\"https:\/\/conference.aglow.org\/fr\/inscription-au-webcast\/\" target=\"_blank\" rel=\"noopener\">\n\t\t\t\t\t\tInscrivez-vous maintenant\n\t\t\t\t\t<\/a>\n\t\t\t\t<img loading=\"lazy\" decoding=\"async\" src=\"https:\/\/conference.aglow.org\/wp-content\/uploads\/2023\/06\/2013AGLOW_1280.9425_flags.jpg\" alt=\"Flag Parade\" itemprop=\"image\" height=\"934\" width=\"1200\" title=\"2013AGLOW_1280.9425_flags\" onerror=\"this.style.display='none'\"  \/>\n\n","protected":false},"excerpt":{"rendered":"<p>CONTACTEZ-NOUS Visitez la boutique Aglow pendant la conf\u00e9rence Passez \u00e0 la boutique Aglow lors de la conf\u00e9rence pour acheter ces articles jusqu&#8217;\u00e0 \u00e9puisement des stocks. Nous ferons de notre mieux pour tenir cette page \u00e0 jour afin que vous sachiez ce qui est disponible. D\u00e9sol\u00e9, la plupart de ces produits ne sont pas disponibles \u00e0&hellip;<\/p>\n","protected":false},"author":1,"featured_media":0,"parent":0,"menu_order":0,"comment_status":"closed","ping_status":"closed","template":"","meta":{"om_disable_all_campaigns":false,"_monsterinsights_skip_tracking":false,"_monsterinsights_sitenote_active":false,"_monsterinsights_sitenote_note":"","_monsterinsights_sitenote_category":0,"_uf_show_specific_survey":0,"_uf_disable_surveys":false,"footnotes":""},"class_list":["post-2067","page","type-page","status-publish","hentry"],"_links":{"self":[{"href":"https:\/\/conference.aglow.org\/fr\/wp-json\/wp\/v2\/pages\/2067","targetHints":{"allow":["GET"]}}],"collection":[{"href":"https:\/\/conference.aglow.org\/fr\/wp-json\/wp\/v2\/pages"}],"about":[{"href":"https:\/\/conference.aglow.org\/fr\/wp-json\/wp\/v2\/types\/page"}],"author":[{"embeddable":true,"href":"https:\/\/conference.aglow.org\/fr\/wp-json\/wp\/v2\/users\/1"}],"replies":[{"embeddable":true,"href":"https:\/\/conference.aglow.org\/fr\/wp-json\/wp\/v2\/comments?post=2067"}],"version-history":[{"count":0,"href":"https:\/\/conference.aglow.org\/fr\/wp-json\/wp\/v2\/pages\/2067\/revisions"}],"wp:attachment":[{"href":"https:\/\/conference.aglow.org\/fr\/wp-json\/wp\/v2\/media?parent=2067"}],"curies":[{"name":"wp","href":"https:\/\/api.w.org\/{rel}","templated":true}]}}