{"id":2023,"date":"2025-07-09T12:56:32","date_gmt":"2025-07-09T19:56:32","guid":{"rendered":"https:\/\/conference.aglow.org\/calendrier\/"},"modified":"2025-08-15T14:08:50","modified_gmt":"2025-08-15T21:08:50","slug":"calendrier","status":"publish","type":"page","link":"https:\/\/conference.aglow.org\/fr\/calendrier\/","title":{"rendered":"CALENDRIER"},"content":{"rendered":"\n<h1  data-animation-delay=\"0.0\" data-animation-duration=\"1\">\n\t\t\t\t<\/h1>\n\t\n<div role=\"navigation\" aria-label=\"S\u00e9lecteur de langue\" class=\"wpml-ls-statics-shortcode_actions wpml-ls wpml-ls-legacy-list-horizontal\">\n\t<ul><li class=\"wpml-ls-slot-shortcode_actions wpml-ls-item wpml-ls-item-en wpml-ls-first-item wpml-ls-item-legacy-list-horizontal\">\n\t\t\t\t<a href=\"https:\/\/conference.aglow.org\/\" hreflang=\"en\" lang=\"en\" class=\"wpml-ls-link\" aria-label=\"Passer \u00e0 English\" title=\"Passer \u00e0 English\">\n\t\t\t\t\t                                    <img decoding=\"async\"\n            class=\"wpml-ls-flag\"\n            src=\"https:\/\/conference.aglow.org\/wp-content\/plugins\/sitepress-multilingual-cms\/res\/flags\/en.svg\"\n            alt=\"\"\n            loading=\"lazy\"\n            width=18\n            height=12\n    \/><span class=\"wpml-ls-native\">English<\/span><\/a>\n\t\t\t<\/li><li class=\"wpml-ls-slot-shortcode_actions wpml-ls-item wpml-ls-item-es wpml-ls-item-legacy-list-horizontal\">\n\t\t\t\t<a href=\"https:\/\/conference.aglow.org\/es\/\" hreflang=\"es\" lang=\"es\" class=\"wpml-ls-link\" aria-label=\"Passer \u00e0 Espa\u00f1ol\" title=\"Passer \u00e0 Espa\u00f1ol\">\n\t\t\t\t\t                                    <img decoding=\"async\"\n            class=\"wpml-ls-flag\"\n            src=\"https:\/\/conference.aglow.org\/wp-content\/plugins\/sitepress-multilingual-cms\/res\/flags\/es.svg\"\n            alt=\"\"\n            loading=\"lazy\"\n            width=18\n            height=12\n    \/><span class=\"wpml-ls-native\">Espa\u00f1ol<\/span><\/a>\n\t\t\t<\/li><li class=\"wpml-ls-slot-shortcode_actions wpml-ls-item wpml-ls-item-fr wpml-ls-current-language wpml-ls-item-legacy-list-horizontal\">\n\t\t\t\t<a href=\"https:\/\/conference.aglow.org\/fr\/\" hreflang=\"fr\" lang=\"fr\" class=\"wpml-ls-link\" aria-current=\"page\" aria-label=\"Passer \u00e0 Fran\u00e7ais\" title=\"Passer \u00e0 Fran\u00e7ais\">\n\t\t\t\t\t                                    <img decoding=\"async\"\n            class=\"wpml-ls-flag\"\n            src=\"https:\/\/conference.aglow.org\/wp-content\/plugins\/sitepress-multilingual-cms\/res\/flags\/fr.svg\"\n            alt=\"\"\n            loading=\"lazy\"\n            width=18\n            height=12\n    \/><span class=\"wpml-ls-native\">Fran\u00e7ais<\/span><\/a>\n\t\t\t<\/li><li class=\"wpml-ls-slot-shortcode_actions wpml-ls-item wpml-ls-item-pt-br wpml-ls-last-item wpml-ls-item-legacy-list-horizontal\">\n\t\t\t\t<a href=\"https:\/\/conference.aglow.org\/pt-br\/\" hreflang=\"pt-br\" lang=\"pt-br\" class=\"wpml-ls-link\" aria-label=\"Passer \u00e0 Portugu\u00eas\" title=\"Passer \u00e0 Portugu\u00eas\">\n\t\t\t\t\t                                    <img decoding=\"async\"\n            class=\"wpml-ls-flag\"\n            src=\"https:\/\/conference.aglow.org\/wp-content\/plugins\/sitepress-multilingual-cms\/res\/flags\/pt-br.svg\"\n            alt=\"\"\n            loading=\"lazy\"\n            width=18\n            height=12\n    \/><span class=\"wpml-ls-native\">Portugu\u00eas<\/span><\/a>\n\t\t\t<\/li><\/ul>\n<\/div>\n\n\t<p>Les sessions commenceront aux heures indiqu\u00e9es ci-dessous. Il y aura trois sessions au total pour cette conf\u00e9rence virtuelle : une le vendredi et deux le samedi. <strong>Veuillez noter que toutes les s\u00e9ances seront diffus\u00e9es \u00e0 l&#8217;heure du Pacifique.<\/strong> Si vous regardez depuis un autre fuseau horaire, ajustez les heures en fonction de votre emplacement. Chaque session sera disponible pour lecture imm\u00e9diatement apr\u00e8s la diffusion initiale.<\/p>\n\t<p>L&#8217;horaire sera mis \u00e0 jour d\u00e8s que les d\u00e9tails seront finalis\u00e9s. Les horaires sont susceptibles d&#8217;\u00eatre modifi\u00e9s. Veuillez consulter r\u00e9guli\u00e8rement les mises \u00e0 jour.<\/p>\n\t\n<table id=\"tablepress-4\" class=\"tablepress tablepress-id-4 tbody-has-connected-cells\">\n<tbody class=\"row-striping\">\n<tr class=\"row-1\">\n\t<td colspan=\"2\" class=\"column-1\">Vendredi 19 Septembre<\/td>\n<\/tr>\n<tr class=\"row-2\">\n\t<td class=\"column-1\"><strong>15h30<\/strong><\/td><td class=\"column-2\">Pri\u00e8re Blitz <a href=\"https:\/\/conference.aglow.org\/fr\/calendrier\/\">Appel Zoom<\/a><\/td>\n<\/tr>\n<tr class=\"row-3\">\n\t<td class=\"column-1\"><strong>16h <\/strong><\/td><td class=\"column-2\"><strong>Session I<\/strong> \u2014 Salutation et pri\u00e8re<\/td>\n<\/tr>\n<tr class=\"row-4\">\n\t<td class=\"column-1\"><strong>16h15<\/strong><\/td><td class=\"column-2\">Culte \u2014 Sarah Johnson, Royaume-Uni<\/td>\n<\/tr>\n<tr class=\"row-5\">\n\t<td class=\"column-1\"><strong>17h15<\/strong><\/td><td class=\"column-2\">Intervenante : Nancy McDaniel, Pr\u00e9sidente-Directrice G\u00e9n\u00e9rale d'Aglow<\/td>\n<\/tr>\n<tr class=\"row-6\">\n\t<td class=\"column-1\"><strong>19h<\/strong><\/td><td class=\"column-2\">Bilan de la session<\/td>\n<\/tr>\n<tr class=\"row-7\">\n\t<td colspan=\"2\" class=\"column-1\">Samedi 20 Septembre<\/td>\n<\/tr>\n<tr class=\"row-8\">\n\t<td class=\"column-1\"><strong>8h30<\/strong><\/td><td class=\"column-2\">Pri\u00e8re Blitz <a href=\"https:\/\/conference.aglow.org\/fr\/calendrier\/\">Appel Zoom<\/a><\/td>\n<\/tr>\n<tr class=\"row-9\">\n\t<td class=\"column-1\"><strong>9h<\/strong><\/td><td class=\"column-2\"><strong>Session II<\/strong> \u2014 Salutation et pri\u00e8re<\/td>\n<\/tr>\n<tr class=\"row-10\">\n\t<td class=\"column-1\"><strong>9h15<\/strong><\/td><td class=\"column-2\">Culte \u2014 Sarah Johnson, Royaume-Uni<\/td>\n<\/tr>\n<tr class=\"row-11\">\n\t<td class=\"column-1\"><strong>10h15<\/strong><\/td><td class=\"column-2\">Orateur: Graham Cooke<\/td>\n<\/tr>\n<tr class=\"row-12\">\n\t<td class=\"column-1\"><strong>11h15<\/strong><\/td><td class=\"column-2\">Bilan de la session<\/td>\n<\/tr>\n<tr class=\"row-13\">\n\t<td class=\"column-1\"><strong>12h30<\/strong><\/td><td class=\"column-2\">Pri\u00e8re Blitz <a href=\"https:\/\/conference.aglow.org\/fr\/calendrier\/\">Appel Zoom<\/a><\/td>\n<\/tr>\n<tr class=\"row-14\">\n\t<td class=\"column-1\"><strong>13h<\/strong><\/td><td class=\"column-2\"><strong>Session III<\/strong> \u2014 Salutation et pri\u00e8re<\/td>\n<\/tr>\n<tr class=\"row-15\">\n\t<td class=\"column-1\"><strong>13h15<\/strong><\/td><td class=\"column-2\">Culte \u2014 Sarah Johnson, Royaume-Uni<\/td>\n<\/tr>\n<tr class=\"row-16\">\n\t<td class=\"column-1\"><strong>14h15<\/strong><\/td><td class=\"column-2\">Orateur: Jen Tringale<\/td>\n<\/tr>\n<tr class=\"row-17\">\n\t<td class=\"column-1\"><strong>15h15<\/strong><\/td><td class=\"column-2\">Bilan de la conf\u00e9rence\u00a0: Nancy et Dave McDaniel<\/td>\n<\/tr>\n<\/tbody>\n<\/table>\n\n\n","protected":false},"excerpt":{"rendered":"<p>Les sessions commenceront aux heures indiqu\u00e9es ci-dessous. Il y aura trois sessions au total pour cette conf\u00e9rence virtuelle : une le vendredi et deux le samedi. Veuillez noter que toutes les s\u00e9ances seront diffus\u00e9es \u00e0 l&#8217;heure du Pacifique. Si vous regardez depuis un autre fuseau horaire, ajustez les heures en fonction de votre emplacement. Chaque&hellip;<\/p>\n","protected":false},"author":1,"featured_media":0,"parent":0,"menu_order":0,"comment_status":"closed","ping_status":"closed","template":"","meta":{"om_disable_all_campaigns":false,"_monsterinsights_skip_tracking":false,"_monsterinsights_sitenote_active":false,"_monsterinsights_sitenote_note":"","_monsterinsights_sitenote_category":0,"_uf_show_specific_survey":0,"_uf_disable_surveys":false,"footnotes":""},"class_list":["post-2023","page","type-page","status-publish","hentry"],"_links":{"self":[{"href":"https:\/\/conference.aglow.org\/fr\/wp-json\/wp\/v2\/pages\/2023","targetHints":{"allow":["GET"]}}],"collection":[{"href":"https:\/\/conference.aglow.org\/fr\/wp-json\/wp\/v2\/pages"}],"about":[{"href":"https:\/\/conference.aglow.org\/fr\/wp-json\/wp\/v2\/types\/page"}],"author":[{"embeddable":true,"href":"https:\/\/conference.aglow.org\/fr\/wp-json\/wp\/v2\/users\/1"}],"replies":[{"embeddable":true,"href":"https:\/\/conference.aglow.org\/fr\/wp-json\/wp\/v2\/comments?post=2023"}],"version-history":[{"count":0,"href":"https:\/\/conference.aglow.org\/fr\/wp-json\/wp\/v2\/pages\/2023\/revisions"}],"wp:attachment":[{"href":"https:\/\/conference.aglow.org\/fr\/wp-json\/wp\/v2\/media?parent=2023"}],"curies":[{"name":"wp","href":"https:\/\/api.w.org\/{rel}","templated":true}]}}