{"id":2706,"date":"2023-07-14T12:09:24","date_gmt":"2023-07-14T19:09:24","guid":{"rendered":"https:\/\/conference.aglow.org\/prueba-del-sistema-webcast\/"},"modified":"2025-08-18T12:58:07","modified_gmt":"2025-08-18T19:58:07","slug":"prueba-del-sistema-webcast","status":"publish","type":"page","link":"https:\/\/conference.aglow.org\/es\/prueba-del-sistema-webcast\/","title":{"rendered":"PRUEBA DEL SISTEMA"},"content":{"rendered":"\n<h1  data-animation-delay=\"0.0\" data-animation-duration=\"1\">\n\t\t\tCONT\u00c1CTENOS\t<\/h1>\n\t\n<div role=\"navigation\" aria-label=\"Selector de idioma\" class=\"wpml-ls-statics-shortcode_actions wpml-ls wpml-ls-legacy-list-horizontal\">\n\t<ul><li class=\"wpml-ls-slot-shortcode_actions wpml-ls-item wpml-ls-item-en wpml-ls-first-item wpml-ls-item-legacy-list-horizontal\">\n\t\t\t\t<a href=\"https:\/\/conference.aglow.org\/\" hreflang=\"en\" lang=\"en\" class=\"wpml-ls-link\" aria-label=\"Cambiar a English\" title=\"Cambiar a English\">\n\t\t\t\t\t                                    <img decoding=\"async\"\n            class=\"wpml-ls-flag\"\n            src=\"https:\/\/conference.aglow.org\/wp-content\/plugins\/sitepress-multilingual-cms\/res\/flags\/en.svg\"\n            alt=\"\"\n            loading=\"lazy\"\n            width=18\n            height=12\n    \/><span class=\"wpml-ls-native\">English<\/span><\/a>\n\t\t\t<\/li><li class=\"wpml-ls-slot-shortcode_actions wpml-ls-item wpml-ls-item-es wpml-ls-current-language wpml-ls-item-legacy-list-horizontal\">\n\t\t\t\t<a href=\"https:\/\/conference.aglow.org\/es\/\" hreflang=\"es\" lang=\"es\" class=\"wpml-ls-link\" aria-current=\"page\" aria-label=\"Cambiar a Espa\u00f1ol\" title=\"Cambiar a Espa\u00f1ol\">\n\t\t\t\t\t                                    <img decoding=\"async\"\n            class=\"wpml-ls-flag\"\n            src=\"https:\/\/conference.aglow.org\/wp-content\/plugins\/sitepress-multilingual-cms\/res\/flags\/es.svg\"\n            alt=\"\"\n            loading=\"lazy\"\n            width=18\n            height=12\n    \/><span class=\"wpml-ls-native\">Espa\u00f1ol<\/span><\/a>\n\t\t\t<\/li><li class=\"wpml-ls-slot-shortcode_actions wpml-ls-item wpml-ls-item-fr wpml-ls-item-legacy-list-horizontal\">\n\t\t\t\t<a href=\"https:\/\/conference.aglow.org\/fr\/\" hreflang=\"fr\" lang=\"fr\" class=\"wpml-ls-link\" aria-label=\"Cambiar a Fran\u00e7ais\" title=\"Cambiar a Fran\u00e7ais\">\n\t\t\t\t\t                                    <img decoding=\"async\"\n            class=\"wpml-ls-flag\"\n            src=\"https:\/\/conference.aglow.org\/wp-content\/plugins\/sitepress-multilingual-cms\/res\/flags\/fr.svg\"\n            alt=\"\"\n            loading=\"lazy\"\n            width=18\n            height=12\n    \/><span class=\"wpml-ls-native\">Fran\u00e7ais<\/span><\/a>\n\t\t\t<\/li><li class=\"wpml-ls-slot-shortcode_actions wpml-ls-item wpml-ls-item-pt-br wpml-ls-last-item wpml-ls-item-legacy-list-horizontal\">\n\t\t\t\t<a href=\"https:\/\/conference.aglow.org\/pt-br\/\" hreflang=\"pt-br\" lang=\"pt-br\" class=\"wpml-ls-link\" aria-label=\"Cambiar a Portugu\u00eas\" title=\"Cambiar a Portugu\u00eas\">\n\t\t\t\t\t                                    <img decoding=\"async\"\n            class=\"wpml-ls-flag\"\n            src=\"https:\/\/conference.aglow.org\/wp-content\/plugins\/sitepress-multilingual-cms\/res\/flags\/pt-br.svg\"\n            alt=\"\"\n            loading=\"lazy\"\n            width=18\n            height=12\n    \/><span class=\"wpml-ls-native\">Portugu\u00eas<\/span><\/a>\n\t\t\t<\/li><\/ul>\n<\/div>\n\n\t<p>Utiliza el siguiente v\u00eddeo para probar el audio y el v\u00eddeo de tu sistema. Si tiene problemas, visite nuestra <a href=\"https:\/\/conference.aglow.org\/es\/preguntas-frecuentes\/\">p\u00e1gina de preguntas frecuentes<\/a>.<\/p>\n\t\t<iframe loading=\"lazy\" title=\"The feast of trumpets\" width=\"500\" height=\"281\" src=\"https:\/\/www.youtube.com\/embed\/UbpcuMnCUeo?feature=oembed\" frameborder=\"0\" allow=\"accelerometer; autoplay; clipboard-write; encrypted-media; gyroscope; picture-in-picture; web-share\" referrerpolicy=\"strict-origin-when-cross-origin\" allowfullscreen><\/iframe>\t\n\n","protected":false},"excerpt":{"rendered":"<p>CONT\u00c1CTENOS Utiliza el siguiente v\u00eddeo para probar el audio y el v\u00eddeo de tu sistema. Si tiene problemas, visite nuestra p\u00e1gina de preguntas frecuentes.<\/p>\n","protected":false},"author":1,"featured_media":0,"parent":0,"menu_order":0,"comment_status":"closed","ping_status":"closed","template":"","meta":{"om_disable_all_campaigns":false,"_monsterinsights_skip_tracking":false,"_monsterinsights_sitenote_active":false,"_monsterinsights_sitenote_note":"","_monsterinsights_sitenote_category":0,"_uf_show_specific_survey":0,"_uf_disable_surveys":false,"footnotes":""},"class_list":["post-2706","page","type-page","status-publish","hentry"],"_links":{"self":[{"href":"https:\/\/conference.aglow.org\/es\/wp-json\/wp\/v2\/pages\/2706","targetHints":{"allow":["GET"]}}],"collection":[{"href":"https:\/\/conference.aglow.org\/es\/wp-json\/wp\/v2\/pages"}],"about":[{"href":"https:\/\/conference.aglow.org\/es\/wp-json\/wp\/v2\/types\/page"}],"author":[{"embeddable":true,"href":"https:\/\/conference.aglow.org\/es\/wp-json\/wp\/v2\/users\/1"}],"replies":[{"embeddable":true,"href":"https:\/\/conference.aglow.org\/es\/wp-json\/wp\/v2\/comments?post=2706"}],"version-history":[{"count":0,"href":"https:\/\/conference.aglow.org\/es\/wp-json\/wp\/v2\/pages\/2706\/revisions"}],"wp:attachment":[{"href":"https:\/\/conference.aglow.org\/es\/wp-json\/wp\/v2\/media?parent=2706"}],"curies":[{"name":"wp","href":"https:\/\/api.w.org\/{rel}","templated":true}]}}