{"id":2175,"date":"2023-05-01T17:26:24","date_gmt":"2023-05-02T00:26:24","guid":{"rendered":"https:\/\/conference.aglow.org\/kit-de-prensa\/"},"modified":"2025-08-01T08:50:52","modified_gmt":"2025-08-01T15:50:52","slug":"kit-de-prensa","status":"publish","type":"page","link":"https:\/\/conference.aglow.org\/es\/kit-de-prensa\/","title":{"rendered":"Kit de prensa"},"content":{"rendered":"\n<h1>\n\t\tCONTACTAR CON NOSOTROS\n\t<\/h1>\n\t\n<div role=\"navigation\" aria-label=\"Selector de idioma\" class=\"wpml-ls-statics-shortcode_actions wpml-ls wpml-ls-legacy-list-horizontal\">\n\t<ul><li class=\"wpml-ls-slot-shortcode_actions wpml-ls-item wpml-ls-item-en wpml-ls-first-item wpml-ls-item-legacy-list-horizontal\">\n\t\t\t\t<a href=\"https:\/\/conference.aglow.org\/\" hreflang=\"en\" lang=\"en\" class=\"wpml-ls-link\" aria-label=\"Cambiar a English\" title=\"Cambiar a English\">\n\t\t\t\t\t                                    <img decoding=\"async\"\n            class=\"wpml-ls-flag\"\n            src=\"https:\/\/conference.aglow.org\/wp-content\/plugins\/sitepress-multilingual-cms\/res\/flags\/en.svg\"\n            alt=\"\"\n            loading=\"lazy\"\n            width=18\n            height=12\n    \/><span class=\"wpml-ls-native\">English<\/span><\/a>\n\t\t\t<\/li><li class=\"wpml-ls-slot-shortcode_actions wpml-ls-item wpml-ls-item-es wpml-ls-current-language wpml-ls-item-legacy-list-horizontal\">\n\t\t\t\t<a href=\"https:\/\/conference.aglow.org\/es\/\" hreflang=\"es\" lang=\"es\" class=\"wpml-ls-link\" aria-current=\"page\" aria-label=\"Cambiar a Espa\u00f1ol\" title=\"Cambiar a Espa\u00f1ol\">\n\t\t\t\t\t                                    <img decoding=\"async\"\n            class=\"wpml-ls-flag\"\n            src=\"https:\/\/conference.aglow.org\/wp-content\/plugins\/sitepress-multilingual-cms\/res\/flags\/es.svg\"\n            alt=\"\"\n            loading=\"lazy\"\n            width=18\n            height=12\n    \/><span class=\"wpml-ls-native\">Espa\u00f1ol<\/span><\/a>\n\t\t\t<\/li><li class=\"wpml-ls-slot-shortcode_actions wpml-ls-item wpml-ls-item-fr wpml-ls-item-legacy-list-horizontal\">\n\t\t\t\t<a href=\"https:\/\/conference.aglow.org\/fr\/\" hreflang=\"fr\" lang=\"fr\" class=\"wpml-ls-link\" aria-label=\"Cambiar a Fran\u00e7ais\" title=\"Cambiar a Fran\u00e7ais\">\n\t\t\t\t\t                                    <img decoding=\"async\"\n            class=\"wpml-ls-flag\"\n            src=\"https:\/\/conference.aglow.org\/wp-content\/plugins\/sitepress-multilingual-cms\/res\/flags\/fr.svg\"\n            alt=\"\"\n            loading=\"lazy\"\n            width=18\n            height=12\n    \/><span class=\"wpml-ls-native\">Fran\u00e7ais<\/span><\/a>\n\t\t\t<\/li><li class=\"wpml-ls-slot-shortcode_actions wpml-ls-item wpml-ls-item-pt-br wpml-ls-last-item wpml-ls-item-legacy-list-horizontal\">\n\t\t\t\t<a href=\"https:\/\/conference.aglow.org\/pt-br\/\" hreflang=\"pt-br\" lang=\"pt-br\" class=\"wpml-ls-link\" aria-label=\"Cambiar a Portugu\u00eas\" title=\"Cambiar a Portugu\u00eas\">\n\t\t\t\t\t                                    <img decoding=\"async\"\n            class=\"wpml-ls-flag\"\n            src=\"https:\/\/conference.aglow.org\/wp-content\/plugins\/sitepress-multilingual-cms\/res\/flags\/pt-br.svg\"\n            alt=\"\"\n            loading=\"lazy\"\n            width=18\n            height=12\n    \/><span class=\"wpml-ls-native\">Portugu\u00eas<\/span><\/a>\n\t\t\t<\/li><\/ul>\n<\/div>\n\n\t<p>Aqu\u00ed encontrar\u00e1 recursos que le ayudar\u00e1n a promocionar la Conferencia: colores, gr\u00e1ficos, v\u00eddeos y un folleto descargable. Si tiene preguntas sobre las promociones de la Conferencia, p\u00f3ngase en contacto con <a href=\"mailto:rickallen@aglow.org\">Rick Allen<\/a>, director de servicios creativos de Aglow.<\/p>\n\t\t\t\t<a href=\"https:\/\/www.dropbox.com\/s\/ib5bx4kwxbeyak5\/GloryRising_Header_1200px.psd?dl=0\" target=\"_self\" itemprop=\"url\" rel=\"noopener\">\n\t\t\t\t<img loading=\"lazy\" decoding=\"async\" src=\"https:\/\/conference.aglow.org\/wp-content\/uploads\/2023\/05\/gloryRising_HOME-BANNER_2023.03.15.jpg\" alt=\"gloryRising_HOME-BANNER_2023.03.15\" itemprop=\"image\" height=\"628\" width=\"1200\" title=\"gloryRising_HOME-BANNER_2023.03.15\" onerror=\"this.style.display='none'\"  \/>\n\t\t\t\t<\/a>\n<h3>\n\t\tTema de la Conferencia\n\t<\/h3>\n\t<p>Nuestro tema de este a\u00f1o es &#8220;El resurgir de la gloria&#8221;, tomado de Isa\u00edas 60:1-2<em>  Lev\u00e1ntate, resplandece, porque ha llegado tu luz, y la gloria del Se\u00f1or ha nacido sobre ti. Porque he aqu\u00ed que tinieblas cubrir\u00e1n la tierra, y densas tinieblas los pueblos; pero el Se\u00f1or se levantar\u00e1 sobre vosotros, y su gloria ser\u00e1 vista sobre vosotros.<\/em><\/p>\n<p>Los gr\u00e1ficos son limpios y coloridos, con im\u00e1genes estilizadas y formas s\u00f3lidas de estilo vectorial en lugar de bordes suaves y degradados.<\/p>\n<ul>\n<li><a href=\"https:\/\/www.dropbox.com\/s\/ib5bx4kwxbeyak5\/GloryRising_Header_1200px.psd?dl=0\" target=\"_blank\" rel=\"noopener\">Descargar archivo PSD del tema<\/a> (1,5 MB 1200px 72 DPI)<\/li>\n<\/ul>\n<h3>\n\t\tDescargar el folleto\n\t<\/h3>\n\t<p>El folleto de la Conferencia est\u00e1 en formato PDF para que pueda descargarlo para imprimirlo o adjuntarlo a un correo electr\u00f3nico.<\/p>\n<ul>\n<li><a href=\"http:\/\/conference.aglow.org\/wp-content\/uploads\/2023\/05\/aglow_insert_conference_2023-04-27.pdf\" target=\"_blank\" rel=\"noopener\">Descargar el folleto<\/a> (593kb PDF)<\/li>\n<\/ul>\n\t\t\t\t<a href=\"http:\/\/conference.aglow.org\/wp-content\/uploads\/2023\/05\/aglow_insert_conference_2023-05-02.pdf\" target=\"_blank\" rel=\"noopener\" itemprop=\"url\">\n\t\t\t\t<img loading=\"lazy\" decoding=\"async\" src=\"https:\/\/conference.aglow.org\/wp-content\/uploads\/2023\/05\/aglow_insert_conference_2023-04-27.jpg\" alt=\"aglow_insert_conference_2023-04-27\" itemprop=\"image\" height=\"1035\" width=\"800\" title=\"aglow_insert_conference_2023-04-27\" onerror=\"this.style.display='none'\"  \/>\n\t\t\t\t<\/a>\n\t\t\t\t<img loading=\"lazy\" decoding=\"async\" src=\"https:\/\/conference.aglow.org\/wp-content\/uploads\/2023\/05\/2023_Conference_Colors.png\" alt=\"2023_Conference_Colors\" itemprop=\"image\" height=\"1082\" width=\"1200\" title=\"2023_Conference_Colors\" onerror=\"this.style.display='none'\"  \/>\n<h3>\n\t\tColores de la Conferencia\n\t<\/h3>\n\t<p>El tema de esta conferencia es muy colorido. Hemos elegido tonos brillantes para transmitir la gloria de Dios. Los colores principales son el naranja y el amarillo, con colores secundarios como el morado, el azul y el verde lima. Los \u00fanicos colores que intentamos evitar son el gris y el negro, as\u00ed como los colores apagados o pastel.<\/p>\n<p>Los colores (con los valores HEX indicados) son naranja #f95300, amarillo #fca400, azul #26aae1, morado #9123d1 y verde #57d824.<\/p>\n<p><a href=\"mailto:rickallen@aglow.org\">P\u00f3ngase en contacto con Rick<\/a> si tiene preguntas espec\u00edficas sobre el uso del color.<\/p>\n\n","protected":false},"excerpt":{"rendered":"<p>CONTACTAR CON NOSOTROS Aqu\u00ed encontrar\u00e1 recursos que le ayudar\u00e1n a promocionar la Conferencia: colores, gr\u00e1ficos, v\u00eddeos y un folleto descargable. Si tiene preguntas sobre las promociones de la Conferencia, p\u00f3ngase en contacto con Rick Allen, director de servicios creativos de Aglow. Tema de la Conferencia Nuestro tema de este a\u00f1o es &#8220;El resurgir de la&hellip;<\/p>\n","protected":false},"author":1,"featured_media":0,"parent":0,"menu_order":0,"comment_status":"closed","ping_status":"closed","template":"","meta":{"om_disable_all_campaigns":false,"_monsterinsights_skip_tracking":false,"_monsterinsights_sitenote_active":false,"_monsterinsights_sitenote_note":"","_monsterinsights_sitenote_category":0,"_uf_show_specific_survey":0,"_uf_disable_surveys":false,"footnotes":""},"class_list":["post-2175","page","type-page","status-publish","hentry"],"_links":{"self":[{"href":"https:\/\/conference.aglow.org\/es\/wp-json\/wp\/v2\/pages\/2175","targetHints":{"allow":["GET"]}}],"collection":[{"href":"https:\/\/conference.aglow.org\/es\/wp-json\/wp\/v2\/pages"}],"about":[{"href":"https:\/\/conference.aglow.org\/es\/wp-json\/wp\/v2\/types\/page"}],"author":[{"embeddable":true,"href":"https:\/\/conference.aglow.org\/es\/wp-json\/wp\/v2\/users\/1"}],"replies":[{"embeddable":true,"href":"https:\/\/conference.aglow.org\/es\/wp-json\/wp\/v2\/comments?post=2175"}],"version-history":[{"count":0,"href":"https:\/\/conference.aglow.org\/es\/wp-json\/wp\/v2\/pages\/2175\/revisions"}],"wp:attachment":[{"href":"https:\/\/conference.aglow.org\/es\/wp-json\/wp\/v2\/media?parent=2175"}],"curies":[{"name":"wp","href":"https:\/\/api.w.org\/{rel}","templated":true}]}}