{"id":2080,"date":"2025-07-09T12:56:32","date_gmt":"2025-07-09T19:56:32","guid":{"rendered":"https:\/\/conference.aglow.org\/programa\/"},"modified":"2025-09-16T12:07:21","modified_gmt":"2025-09-16T19:07:21","slug":"programa","status":"publish","type":"page","link":"https:\/\/conference.aglow.org\/es\/programa\/","title":{"rendered":"CRONOGRAMA"},"content":{"rendered":"\n<h1>\n\t\tCONTACTAR CON NOSOTROS\n\t<\/h1>\n\t\n<div role=\"navigation\" aria-label=\"Selector de idioma\" class=\"wpml-ls-statics-shortcode_actions wpml-ls wpml-ls-legacy-list-horizontal\">\n\t<ul><li class=\"wpml-ls-slot-shortcode_actions wpml-ls-item wpml-ls-item-en wpml-ls-first-item wpml-ls-item-legacy-list-horizontal\">\n\t\t\t\t<a href=\"https:\/\/conference.aglow.org\/\" hreflang=\"en\" lang=\"en\" class=\"wpml-ls-link\" aria-label=\"Cambiar a English\" title=\"Cambiar a English\">\n\t\t\t\t\t                                    <img decoding=\"async\"\n            class=\"wpml-ls-flag\"\n            src=\"https:\/\/conference.aglow.org\/wp-content\/plugins\/sitepress-multilingual-cms\/res\/flags\/en.svg\"\n            alt=\"\"\n            loading=\"lazy\"\n            width=18\n            height=12\n    \/><span class=\"wpml-ls-native\">English<\/span><\/a>\n\t\t\t<\/li><li class=\"wpml-ls-slot-shortcode_actions wpml-ls-item wpml-ls-item-es wpml-ls-current-language wpml-ls-item-legacy-list-horizontal\">\n\t\t\t\t<a href=\"https:\/\/conference.aglow.org\/es\/\" hreflang=\"es\" lang=\"es\" class=\"wpml-ls-link\" aria-current=\"page\" aria-label=\"Cambiar a Espa\u00f1ol\" title=\"Cambiar a Espa\u00f1ol\">\n\t\t\t\t\t                                    <img decoding=\"async\"\n            class=\"wpml-ls-flag\"\n            src=\"https:\/\/conference.aglow.org\/wp-content\/plugins\/sitepress-multilingual-cms\/res\/flags\/es.svg\"\n            alt=\"\"\n            loading=\"lazy\"\n            width=18\n            height=12\n    \/><span class=\"wpml-ls-native\">Espa\u00f1ol<\/span><\/a>\n\t\t\t<\/li><li class=\"wpml-ls-slot-shortcode_actions wpml-ls-item wpml-ls-item-fr wpml-ls-item-legacy-list-horizontal\">\n\t\t\t\t<a href=\"https:\/\/conference.aglow.org\/fr\/\" hreflang=\"fr\" lang=\"fr\" class=\"wpml-ls-link\" aria-label=\"Cambiar a Fran\u00e7ais\" title=\"Cambiar a Fran\u00e7ais\">\n\t\t\t\t\t                                    <img decoding=\"async\"\n            class=\"wpml-ls-flag\"\n            src=\"https:\/\/conference.aglow.org\/wp-content\/plugins\/sitepress-multilingual-cms\/res\/flags\/fr.svg\"\n            alt=\"\"\n            loading=\"lazy\"\n            width=18\n            height=12\n    \/><span class=\"wpml-ls-native\">Fran\u00e7ais<\/span><\/a>\n\t\t\t<\/li><li class=\"wpml-ls-slot-shortcode_actions wpml-ls-item wpml-ls-item-pt-br wpml-ls-last-item wpml-ls-item-legacy-list-horizontal\">\n\t\t\t\t<a href=\"https:\/\/conference.aglow.org\/pt-br\/\" hreflang=\"pt-br\" lang=\"pt-br\" class=\"wpml-ls-link\" aria-label=\"Cambiar a Portugu\u00eas\" title=\"Cambiar a Portugu\u00eas\">\n\t\t\t\t\t                                    <img decoding=\"async\"\n            class=\"wpml-ls-flag\"\n            src=\"https:\/\/conference.aglow.org\/wp-content\/plugins\/sitepress-multilingual-cms\/res\/flags\/pt-br.svg\"\n            alt=\"\"\n            loading=\"lazy\"\n            width=18\n            height=12\n    \/><span class=\"wpml-ls-native\">Portugu\u00eas<\/span><\/a>\n\t\t\t<\/li><\/ul>\n<\/div>\n\n\t<p>Las sesiones comenzar\u00e1n a las horas indicadas a continuaci\u00f3n.  <strong>Tenga en cuenta que, como esta conferencia se celebra en Florida, estaremos en hora de la costa este.<\/strong>  Si est\u00e1 viendo la retransmisi\u00f3n por Internet, ajuste las horas en funci\u00f3n de su ubicaci\u00f3n. Cada sesi\u00f3n podr\u00e1 reproducirse inmediatamente despu\u00e9s del evento en directo.<\/p>\n\t[table \u201c3\u201d not found \/]<br \/>\n\n<h2>\n\t\tPurchase DVDs, CDs &#038; More\n\t<\/h2>\n\t<p>Once again, our friends at <a href=\"https:\/\/freshmediaconnections.com\/\" target=\"_blank\" rel=\"noopener\">Fresh Media Connections<\/a> are offering recordings of our conference sessions on DVD, CD and USB Flashdrives. Content includes messages and prophetic words. Worship sessions not included.<\/p>\n<p><strong>Pre-order yours today by clicking the button below.\u00a0<\/strong><\/p>\n\t\t\t<a href=\"https:\/\/freshmediaconnections.com\/product-category\/conferences\/aglow-conferences\/aglow-2023\/\" target=\"_blank\" rel=\"noopener\">\n\t\t\t\t\t\t\tPlace Your Order Now!\n\t\t\t\t\t<\/a>\n\t\t\t\t<img loading=\"lazy\" decoding=\"async\" src=\"https:\/\/conference.aglow.org\/wp-content\/uploads\/2023\/06\/webcast-watching2.jpg\" alt=\"Watching Conference\" itemprop=\"image\" height=\"665\" width=\"1150\" title=\"webcast-watching2\" onerror=\"this.style.display='none'\"  \/>\n\n","protected":false},"excerpt":{"rendered":"<p>CONTACTAR CON NOSOTROS Las sesiones comenzar\u00e1n a las horas indicadas a continuaci\u00f3n. Tenga en cuenta que, como esta conferencia se celebra en Florida, estaremos en hora de la costa este. Si est\u00e1 viendo la retransmisi\u00f3n por Internet, ajuste las horas en funci\u00f3n de su ubicaci\u00f3n. Cada sesi\u00f3n podr\u00e1 reproducirse inmediatamente despu\u00e9s del evento en directo.&hellip;<\/p>\n","protected":false},"author":1,"featured_media":0,"parent":0,"menu_order":0,"comment_status":"closed","ping_status":"closed","template":"","meta":{"om_disable_all_campaigns":false,"_monsterinsights_skip_tracking":false,"_monsterinsights_sitenote_active":false,"_monsterinsights_sitenote_note":"","_monsterinsights_sitenote_category":0,"_uf_show_specific_survey":0,"_uf_disable_surveys":false,"footnotes":""},"class_list":["post-2080","page","type-page","status-publish","hentry"],"_links":{"self":[{"href":"https:\/\/conference.aglow.org\/es\/wp-json\/wp\/v2\/pages\/2080","targetHints":{"allow":["GET"]}}],"collection":[{"href":"https:\/\/conference.aglow.org\/es\/wp-json\/wp\/v2\/pages"}],"about":[{"href":"https:\/\/conference.aglow.org\/es\/wp-json\/wp\/v2\/types\/page"}],"author":[{"embeddable":true,"href":"https:\/\/conference.aglow.org\/es\/wp-json\/wp\/v2\/users\/1"}],"replies":[{"embeddable":true,"href":"https:\/\/conference.aglow.org\/es\/wp-json\/wp\/v2\/comments?post=2080"}],"version-history":[{"count":1,"href":"https:\/\/conference.aglow.org\/es\/wp-json\/wp\/v2\/pages\/2080\/revisions"}],"predecessor-version":[{"id":5212,"href":"https:\/\/conference.aglow.org\/es\/wp-json\/wp\/v2\/pages\/2080\/revisions\/5212"}],"wp:attachment":[{"href":"https:\/\/conference.aglow.org\/es\/wp-json\/wp\/v2\/media?parent=2080"}],"curies":[{"name":"wp","href":"https:\/\/api.w.org\/{rel}","templated":true}]}}