{"id":2029,"date":"2021-05-26T00:12:06","date_gmt":"2021-05-26T07:12:06","guid":{"rendered":"https:\/\/conference.aglow.org\/oradores\/"},"modified":"2025-07-18T09:26:07","modified_gmt":"2025-07-18T16:26:07","slug":"oradores","status":"publish","type":"page","link":"https:\/\/conference.aglow.org\/es\/oradores\/","title":{"rendered":"ORADORES"},"content":{"rendered":"\n<h1>\n\t\tCONTACTAR CON NOSOTROS\n\t<\/h1>\n\t\t\t\t<img loading=\"lazy\" decoding=\"async\" src=\"https:\/\/conference.aglow.org\/wp-content\/uploads\/2022\/05\/speakers-jane.jpg\" alt=\"speakers-jane\" itemprop=\"image\" height=\"938\" width=\"800\" title=\"speakers-jane\" onerror=\"this.style.display='none'\"  \/>\n\t\n<div role=\"navigation\" aria-label=\"Selector de idioma\" class=\"wpml-ls-statics-shortcode_actions wpml-ls wpml-ls-legacy-list-horizontal\">\n\t<ul><li class=\"wpml-ls-slot-shortcode_actions wpml-ls-item wpml-ls-item-en wpml-ls-first-item wpml-ls-item-legacy-list-horizontal\">\n\t\t\t\t<a href=\"https:\/\/conference.aglow.org\/\" hreflang=\"en\" lang=\"en\" class=\"wpml-ls-link\" aria-label=\"Cambiar a English\" title=\"Cambiar a English\">\n\t\t\t\t\t                                    <img decoding=\"async\"\n            class=\"wpml-ls-flag\"\n            src=\"https:\/\/conference.aglow.org\/wp-content\/plugins\/sitepress-multilingual-cms\/res\/flags\/en.svg\"\n            alt=\"\"\n            loading=\"lazy\"\n            width=18\n            height=12\n    \/><span class=\"wpml-ls-native\">English<\/span><\/a>\n\t\t\t<\/li><li class=\"wpml-ls-slot-shortcode_actions wpml-ls-item wpml-ls-item-es wpml-ls-current-language wpml-ls-item-legacy-list-horizontal\">\n\t\t\t\t<a href=\"https:\/\/conference.aglow.org\/es\/\" hreflang=\"es\" lang=\"es\" class=\"wpml-ls-link\" aria-current=\"page\" aria-label=\"Cambiar a Espa\u00f1ol\" title=\"Cambiar a Espa\u00f1ol\">\n\t\t\t\t\t                                    <img decoding=\"async\"\n            class=\"wpml-ls-flag\"\n            src=\"https:\/\/conference.aglow.org\/wp-content\/plugins\/sitepress-multilingual-cms\/res\/flags\/es.svg\"\n            alt=\"\"\n            loading=\"lazy\"\n            width=18\n            height=12\n    \/><span class=\"wpml-ls-native\">Espa\u00f1ol<\/span><\/a>\n\t\t\t<\/li><li class=\"wpml-ls-slot-shortcode_actions wpml-ls-item wpml-ls-item-fr wpml-ls-item-legacy-list-horizontal\">\n\t\t\t\t<a href=\"https:\/\/conference.aglow.org\/fr\/\" hreflang=\"fr\" lang=\"fr\" class=\"wpml-ls-link\" aria-label=\"Cambiar a Fran\u00e7ais\" title=\"Cambiar a Fran\u00e7ais\">\n\t\t\t\t\t                                    <img decoding=\"async\"\n            class=\"wpml-ls-flag\"\n            src=\"https:\/\/conference.aglow.org\/wp-content\/plugins\/sitepress-multilingual-cms\/res\/flags\/fr.svg\"\n            alt=\"\"\n            loading=\"lazy\"\n            width=18\n            height=12\n    \/><span class=\"wpml-ls-native\">Fran\u00e7ais<\/span><\/a>\n\t\t\t<\/li><li class=\"wpml-ls-slot-shortcode_actions wpml-ls-item wpml-ls-item-pt-br wpml-ls-last-item wpml-ls-item-legacy-list-horizontal\">\n\t\t\t\t<a href=\"https:\/\/conference.aglow.org\/pt-br\/\" hreflang=\"pt-br\" lang=\"pt-br\" class=\"wpml-ls-link\" aria-label=\"Cambiar a Portugu\u00eas\" title=\"Cambiar a Portugu\u00eas\">\n\t\t\t\t\t                                    <img decoding=\"async\"\n            class=\"wpml-ls-flag\"\n            src=\"https:\/\/conference.aglow.org\/wp-content\/plugins\/sitepress-multilingual-cms\/res\/flags\/pt-br.svg\"\n            alt=\"\"\n            loading=\"lazy\"\n            width=18\n            height=12\n    \/><span class=\"wpml-ls-native\">Portugu\u00eas<\/span><\/a>\n\t\t\t<\/li><\/ul>\n<\/div>\n\n<h3>\n\t\tJANE HANSEN HOYT\n\t<\/h3>\n<h4>\n\t\tPresidente\/CEO de Aglow\n\t<\/h4>\n\t<p>Jane es Presidenta y Directora Ejecutiva de Aglow International, una comunidad del Reino de m\u00e1s de 200.000 guerreros, campeones y l\u00edderes mundiales que llegan a 17 millones de personas cada a\u00f1o. Jane tiene una pasi\u00f3n personal por ver a mujeres y hombres caminar juntos para hacer avanzar el Reino de Dios. Su coraz\u00f3n es ver a todas las personas capacitadas para alcanzar el potencial que Dios les ha dado y cumplir Sus prop\u00f3sitos para sus vidas.<\/p>\n\t<img width=\"238\" height=\"50\" src=\"https:\/\/conference.aglow.org\/wp-content\/uploads\/2023\/05\/watch-video_jane_SP-1.png\" alt=\"Mira Jane\" decoding=\"async\" loading=\"lazy\" \/><iframe loading=\"lazy\" title=\"50th Anniversary Conference - Jane Hansen Hoyt - Highlight Video\" src=\"https:\/\/player.vimeo.com\/video\/267309060?h=d3c23807e5&amp;dnt=1&amp;app_id=122963\" width=\"500\" height=\"281\" frameborder=\"0\" allow=\"autoplay; fullscreen; picture-in-picture\" allowfullscreen><\/iframe>\n\t\t\t\t<img decoding=\"async\" src=\"http:\/\/conference.aglow.org\/wp-content\/uploads\/2023\/03\/asher-intrater-800px.jpg\" alt=\"asher-intrater-800px\" itemprop=\"image\" title=\"asher-intrater-800px\" onerror=\"this.style.display='none'\"  \/>\n<h3>\n\t\tAsher Intrater\n\t<\/h3>\n<h4>\n\t\tPresidente, Tikkun Global\n\t<\/h4>\n\t<p>Asher es presidente de <a href=\"https:\/\/www.tikkunglobal.org\/\" target=\"_blank\" rel=\"noopener\">la familia de ministerios y congregaciones Tikkun Global<\/a>, dedicada a la doble restauraci\u00f3n de Israel y la Iglesia. Es fundador del qu\u00edntuple equipo ministerial de Revive Israel, y supervisa la Congregaci\u00f3n Ahavat Yeshua en Jerusal\u00e9n y la Congregaci\u00f3n Tiferet Yeshua en Tel Aviv.<\/p>\n<p>\u00c9l y su esposa Betty comparten una pasi\u00f3n por la oraci\u00f3n y la devoci\u00f3n personales, la evangelizaci\u00f3n local y el discipulado en hebreo, y la unidad del Cuerpo de creyentes en todo el mundo.<\/p>\n<p>Asher se cri\u00f3 en un hogar jud\u00edo conservador y es licenciado por la Universidad de Harvard, el Baltimore Hebrew College y el Messiah Biblical Institute. Es autor de numerosos libros y tratados, entre ellos: Relaciones de alianza, Qui\u00e9n almorz\u00f3 con Abraham, Toda autoridad, Hero\u00ednas y Alineaci\u00f3n.<\/p>\n\t<img width=\"238\" height=\"50\" src=\"https:\/\/conference.aglow.org\/wp-content\/uploads\/2023\/05\/watch-video_Asher_SP-1.png\" alt=\"Mira Asher\" decoding=\"async\" loading=\"lazy\" \/><iframe loading=\"lazy\" title=\"Come Up Here\" width=\"500\" height=\"281\" src=\"https:\/\/www.youtube.com\/embed\/iXboOxCgkVQ?feature=oembed\" frameborder=\"0\" allow=\"accelerometer; autoplay; clipboard-write; encrypted-media; gyroscope; picture-in-picture; web-share\" allowfullscreen><\/iframe>\n\t\t\t\t<img decoding=\"async\" src=\"https:\/\/conference.aglow.org\/wp-content\/uploads\/2023\/03\/speakers-tim-400px.jpg\" alt=\"speakers-tim-400px\" itemprop=\"image\" title=\"speakers-tim-400px\" onerror=\"this.style.display='none'\"  \/>\n<h3>\n\t\tTim Sheets\n\t<\/h3>\n<h4>\n\t\tFundador, AwakeningNow Prayer Network\n\t<\/h4>\n\t<p>Dr. Tim Sheets es un ap\u00f3stol, pastor y autor con sede en el suroeste de Ohio. Ejerce su ministerio a escala nacional e internacional en conferencias, iglesias, seminarios y escuelas b\u00edblicas. El Dr. Sheets es el fundador de AwakeningNow Prayer Network y viaja por una regi\u00f3n de 10 estados celebrando asambleas de oraci\u00f3n y estableciendo la oraci\u00f3n 24\/7 en las iglesias locales. Tambi\u00e9n es pastor de <a href=\"https:\/\/www.oasiswired.org\/\" target=\"_blank\" rel=\"noopener\">la Iglesia Oasis<\/a> en Middletown, Ohio.<\/p>\n\t<img width=\"238\" height=\"50\" src=\"https:\/\/conference.aglow.org\/wp-content\/uploads\/2023\/05\/watch-video_tim_SP-1.png\" alt=\"Mira Tim\" decoding=\"async\" loading=\"lazy\" \/><iframe loading=\"lazy\" title=\"A New Era Pentecost has Begun\" width=\"500\" height=\"281\" src=\"https:\/\/www.youtube.com\/embed\/u1ekf54oVdY?feature=oembed\" frameborder=\"0\" allow=\"accelerometer; autoplay; clipboard-write; encrypted-media; gyroscope; picture-in-picture; web-share\" allowfullscreen><\/iframe>\n\n\n","protected":false},"excerpt":{"rendered":"<p>CONTACTAR CON NOSOTROS JANE HANSEN HOYT Presidente\/CEO de Aglow Jane es Presidenta y Directora Ejecutiva de Aglow International, una comunidad del Reino de m\u00e1s de 200.000 guerreros, campeones y l\u00edderes mundiales que llegan a 17 millones de personas cada a\u00f1o. Jane tiene una pasi\u00f3n personal por ver a mujeres y hombres caminar juntos para hacer&hellip;<\/p>\n","protected":false},"author":1,"featured_media":0,"parent":0,"menu_order":0,"comment_status":"closed","ping_status":"closed","template":"","meta":{"om_disable_all_campaigns":false,"_monsterinsights_skip_tracking":false,"_monsterinsights_sitenote_active":false,"_monsterinsights_sitenote_note":"","_monsterinsights_sitenote_category":0,"_uf_show_specific_survey":0,"_uf_disable_surveys":false,"footnotes":""},"class_list":["post-2029","page","type-page","status-publish","hentry"],"_links":{"self":[{"href":"https:\/\/conference.aglow.org\/es\/wp-json\/wp\/v2\/pages\/2029","targetHints":{"allow":["GET"]}}],"collection":[{"href":"https:\/\/conference.aglow.org\/es\/wp-json\/wp\/v2\/pages"}],"about":[{"href":"https:\/\/conference.aglow.org\/es\/wp-json\/wp\/v2\/types\/page"}],"author":[{"embeddable":true,"href":"https:\/\/conference.aglow.org\/es\/wp-json\/wp\/v2\/users\/1"}],"replies":[{"embeddable":true,"href":"https:\/\/conference.aglow.org\/es\/wp-json\/wp\/v2\/comments?post=2029"}],"version-history":[{"count":0,"href":"https:\/\/conference.aglow.org\/es\/wp-json\/wp\/v2\/pages\/2029\/revisions"}],"wp:attachment":[{"href":"https:\/\/conference.aglow.org\/es\/wp-json\/wp\/v2\/media?parent=2029"}],"curies":[{"name":"wp","href":"https:\/\/api.w.org\/{rel}","templated":true}]}}